{"id":9,"date":"2024-02-27T22:55:38","date_gmt":"2024-02-27T22:55:38","guid":{"rendered":"https:\/\/bebarber.lv\/index.php\/grozs\/"},"modified":"2024-02-27T22:55:38","modified_gmt":"2024-02-27T22:55:38","slug":"grozs","status":"publish","type":"page","link":"https:\/\/bebarber.lv\/index.php\/grozs\/","title":{"rendered":"Grozs"},"content":{"rendered":"\n<div data-block-name=\"woocommerce\/cart\" class=\"wp-block-woocommerce-cart alignwide is-loading\">\n<div data-block-name=\"woocommerce\/filled-cart-block\" class=\"wp-block-woocommerce-filled-cart-block\">\n<div data-block-name=\"woocommerce\/cart-items-block\" class=\"wp-block-woocommerce-cart-items-block\">\n<div data-block-name=\"woocommerce\/cart-line-items-block\" class=\"wp-block-woocommerce-cart-line-items-block\"><\/div>\n\n\n\n<div data-block-name=\"woocommerce\/cart-cross-sells-block\" class=\"wp-block-woocommerce-cart-cross-sells-block\">\n<h2 class=\"wp-block-heading has-large-font-size\">You may be interested in\u2026<\/h2>\n\n\n\n<div data-block-name=\"woocommerce\/cart-cross-sells-products-block\" class=\"wp-block-woocommerce-cart-cross-sells-products-block\"><\/div>\n<\/div>\n<\/div>\n\n\n\n<div data-block-name=\"woocommerce\/cart-totals-block\" class=\"wp-block-woocommerce-cart-totals-block\">\n<div data-block-name=\"woocommerce\/cart-order-summary-block\" class=\"wp-block-woocommerce-cart-order-summary-block\">\n<div data-block-name=\"woocommerce\/cart-order-summary-heading-block\" class=\"wp-block-woocommerce-cart-order-summary-heading-block\"><\/div><div data-block-name=\"woocommerce\/cart-order-summary-coupon-form-block\" class=\"wp-block-woocommerce-cart-order-summary-coupon-form-block\"><\/div><div data-block-name=\"woocommerce\/cart-order-summary-totals-block\" class=\"wp-block-woocommerce-cart-order-summary-totals-block\">\n<div data-block-name=\"woocommerce\/cart-order-summary-subtotal-block\" class=\"wp-block-woocommerce-cart-order-summary-subtotal-block\"><\/div>\n<div data-block-name=\"woocommerce\/cart-order-summary-discount-block\" class=\"wp-block-woocommerce-cart-order-summary-discount-block\"><\/div>\n<div data-block-name=\"woocommerce\/cart-order-summary-fee-block\" class=\"wp-block-woocommerce-cart-order-summary-fee-block\"><\/div>\n<div data-block-name=\"woocommerce\/cart-order-summary-shipping-block\" class=\"wp-block-woocommerce-cart-order-summary-shipping-block\"><\/div>\n<div data-block-name=\"woocommerce\/cart-order-summary-taxes-block\" class=\"wp-block-woocommerce-cart-order-summary-taxes-block\"><\/div><\/div>\n<\/div>\n\n\n\n<div data-block-name=\"woocommerce\/cart-express-payment-block\" class=\"wp-block-woocommerce-cart-express-payment-block\"><\/div>\n\n\n\n<div data-block-name=\"woocommerce\/proceed-to-checkout-block\" class=\"wp-block-woocommerce-proceed-to-checkout-block\"><\/div>\n\n\n\n<div data-block-name=\"woocommerce\/cart-accepted-payment-methods-block\" class=\"wp-block-woocommerce-cart-accepted-payment-methods-block\"><\/div>\n<\/div>\n<\/div>\n\n\n\n<div data-block-name=\"woocommerce\/empty-cart-block\" class=\"wp-block-woocommerce-empty-cart-block\">\n<h2 class=\"wp-block-heading has-text-align-center with-empty-cart-icon wc-block-cart__empty-cart__title\">Your cart is currently empty!<\/h2>\n\n\n\n<hr class=\"wp-block-separator has-alpha-channel-opacity is-style-dots\"\/>\n\n\n\n<h2 class=\"wp-block-heading has-text-align-center\">New in store<\/h2>\n\n\n<\/div>\n<\/div>\n","protected":false},"excerpt":{"rendered":"","protected":false},"author":1,"featured_media":0,"parent":0,"menu_order":0,"comment_status":"closed","ping_status":"closed","template":"","meta":{"footnotes":""},"class_list":["post-9","page","type-page","status-publish","hentry"],"yoast_head":"<!-- This site is optimized with the Yoast SEO plugin v27.2 - https:\/\/yoast.com\/product\/yoast-seo-wordpress\/ -->\n<title>Grozs - BeBarber.lv - Tava Stila Revol\u016bcija S\u0101kas \u0160eit! \u2702\ufe0f\ud83c\udf1f<\/title>\n<meta name=\"robots\" content=\"index, follow, max-snippet:-1, max-image-preview:large, max-video-preview:-1\" \/>\n<link rel=\"canonical\" href=\"https:\/\/bebarber.lv\/index.php\/grozs\/\" \/>\n<meta property=\"og:locale\" content=\"lv_LV\" \/>\n<meta property=\"og:type\" content=\"article\" \/>\n<meta property=\"og:title\" content=\"Grozs - BeBarber.lv - Tava Stila Revol\u016bcija S\u0101kas \u0160eit! \u2702\ufe0f\ud83c\udf1f\" \/>\n<meta property=\"og:url\" content=\"https:\/\/bebarber.lv\/index.php\/grozs\/\" \/>\n<meta property=\"og:site_name\" content=\"BeBarber.lv - Tava Stila Revol\u016bcija S\u0101kas \u0160eit! \u2702\ufe0f\ud83c\udf1f\" \/>\n<meta name=\"twitter:card\" content=\"summary_large_image\" \/>\n<script type=\"application\/ld+json\" class=\"yoast-schema-graph\">{\"@context\":\"https:\/\/schema.org\",\"@graph\":[{\"@type\":\"WebPage\",\"@id\":\"https:\/\/bebarber.lv\/index.php\/grozs\/\",\"url\":\"https:\/\/bebarber.lv\/index.php\/grozs\/\",\"name\":\"Grozs - BeBarber.lv - Tava Stila Revol\u016bcija S\u0101kas \u0160eit! \u2702\ufe0f\ud83c\udf1f\",\"isPartOf\":{\"@id\":\"https:\/\/bebarber.lv\/#website\"},\"datePublished\":\"2024-02-27T22:55:38+00:00\",\"breadcrumb\":{\"@id\":\"https:\/\/bebarber.lv\/index.php\/grozs\/#breadcrumb\"},\"inLanguage\":\"lv-LV\",\"potentialAction\":[{\"@type\":\"ReadAction\",\"target\":[\"https:\/\/bebarber.lv\/index.php\/grozs\/\"]}]},{\"@type\":\"BreadcrumbList\",\"@id\":\"https:\/\/bebarber.lv\/index.php\/grozs\/#breadcrumb\",\"itemListElement\":[{\"@type\":\"ListItem\",\"position\":1,\"name\":\"Home\",\"item\":\"https:\/\/bebarber.lv\/\"},{\"@type\":\"ListItem\",\"position\":2,\"name\":\"Grozs\"}]},{\"@type\":\"WebSite\",\"@id\":\"https:\/\/bebarber.lv\/#website\",\"url\":\"https:\/\/bebarber.lv\/\",\"name\":\"BeBarber.lv - Tava Stila Revol\u016bcija S\u0101kas \u0160eit! \u2702\ufe0f\ud83c\udf1f\",\"description\":\"\",\"potentialAction\":[{\"@type\":\"SearchAction\",\"target\":{\"@type\":\"EntryPoint\",\"urlTemplate\":\"https:\/\/bebarber.lv\/?s={search_term_string}\"},\"query-input\":{\"@type\":\"PropertyValueSpecification\",\"valueRequired\":true,\"valueName\":\"search_term_string\"}}],\"inLanguage\":\"lv-LV\"}]}<\/script>\n<!-- \/ Yoast SEO plugin. -->","yoast_head_json":{"title":"Grozs - BeBarber.lv - Tava Stila Revol\u016bcija S\u0101kas \u0160eit! \u2702\ufe0f\ud83c\udf1f","robots":{"index":"index","follow":"follow","max-snippet":"max-snippet:-1","max-image-preview":"max-image-preview:large","max-video-preview":"max-video-preview:-1"},"canonical":"https:\/\/bebarber.lv\/index.php\/grozs\/","og_locale":"lv_LV","og_type":"article","og_title":"Grozs - BeBarber.lv - Tava Stila Revol\u016bcija S\u0101kas \u0160eit! \u2702\ufe0f\ud83c\udf1f","og_url":"https:\/\/bebarber.lv\/index.php\/grozs\/","og_site_name":"BeBarber.lv - Tava Stila Revol\u016bcija S\u0101kas \u0160eit! \u2702\ufe0f\ud83c\udf1f","twitter_card":"summary_large_image","schema":{"@context":"https:\/\/schema.org","@graph":[{"@type":"WebPage","@id":"https:\/\/bebarber.lv\/index.php\/grozs\/","url":"https:\/\/bebarber.lv\/index.php\/grozs\/","name":"Grozs - BeBarber.lv - Tava Stila Revol\u016bcija S\u0101kas \u0160eit! \u2702\ufe0f\ud83c\udf1f","isPartOf":{"@id":"https:\/\/bebarber.lv\/#website"},"datePublished":"2024-02-27T22:55:38+00:00","breadcrumb":{"@id":"https:\/\/bebarber.lv\/index.php\/grozs\/#breadcrumb"},"inLanguage":"lv-LV","potentialAction":[{"@type":"ReadAction","target":["https:\/\/bebarber.lv\/index.php\/grozs\/"]}]},{"@type":"BreadcrumbList","@id":"https:\/\/bebarber.lv\/index.php\/grozs\/#breadcrumb","itemListElement":[{"@type":"ListItem","position":1,"name":"Home","item":"https:\/\/bebarber.lv\/"},{"@type":"ListItem","position":2,"name":"Grozs"}]},{"@type":"WebSite","@id":"https:\/\/bebarber.lv\/#website","url":"https:\/\/bebarber.lv\/","name":"BeBarber.lv - Tava Stila Revol\u016bcija S\u0101kas \u0160eit! \u2702\ufe0f\ud83c\udf1f","description":"","potentialAction":[{"@type":"SearchAction","target":{"@type":"EntryPoint","urlTemplate":"https:\/\/bebarber.lv\/?s={search_term_string}"},"query-input":{"@type":"PropertyValueSpecification","valueRequired":true,"valueName":"search_term_string"}}],"inLanguage":"lv-LV"}]}},"_links":{"self":[{"href":"https:\/\/bebarber.lv\/index.php\/wp-json\/wp\/v2\/pages\/9","targetHints":{"allow":["GET"]}}],"collection":[{"href":"https:\/\/bebarber.lv\/index.php\/wp-json\/wp\/v2\/pages"}],"about":[{"href":"https:\/\/bebarber.lv\/index.php\/wp-json\/wp\/v2\/types\/page"}],"author":[{"embeddable":true,"href":"https:\/\/bebarber.lv\/index.php\/wp-json\/wp\/v2\/users\/1"}],"replies":[{"embeddable":true,"href":"https:\/\/bebarber.lv\/index.php\/wp-json\/wp\/v2\/comments?post=9"}],"version-history":[{"count":0,"href":"https:\/\/bebarber.lv\/index.php\/wp-json\/wp\/v2\/pages\/9\/revisions"}],"wp:attachment":[{"href":"https:\/\/bebarber.lv\/index.php\/wp-json\/wp\/v2\/media?parent=9"}],"curies":[{"name":"wp","href":"https:\/\/api.w.org\/{rel}","templated":true}]}}