{"id":11,"date":"2024-02-27T22:55:38","date_gmt":"2024-02-27T22:55:38","guid":{"rendered":"https:\/\/bebarber.lv\/index.php\/mans-konts\/"},"modified":"2024-02-27T22:55:38","modified_gmt":"2024-02-27T22:55:38","slug":"mans-konts","status":"publish","type":"page","link":"https:\/\/bebarber.lv\/index.php\/mans-konts\/","title":{"rendered":"Mans konts"},"content":{"rendered":"<div class=\"woocommerce\"><\/div>\n","protected":false},"excerpt":{"rendered":"","protected":false},"author":1,"featured_media":0,"parent":0,"menu_order":0,"comment_status":"closed","ping_status":"closed","template":"","meta":{"footnotes":""},"class_list":["post-11","page","type-page","status-publish","hentry"],"yoast_head":"<!-- This site is optimized with the Yoast SEO plugin v27.2 - https:\/\/yoast.com\/product\/yoast-seo-wordpress\/ -->\n<title>Mans konts - BeBarber.lv - Tava Stila Revol\u016bcija S\u0101kas \u0160eit! \u2702\ufe0f\ud83c\udf1f<\/title>\n<meta name=\"robots\" content=\"index, follow, max-snippet:-1, max-image-preview:large, max-video-preview:-1\" \/>\n<link rel=\"canonical\" href=\"https:\/\/bebarber.lv\/index.php\/mans-konts\/\" \/>\n<meta property=\"og:locale\" content=\"lv_LV\" \/>\n<meta property=\"og:type\" content=\"article\" \/>\n<meta property=\"og:title\" content=\"Mans konts - BeBarber.lv - Tava Stila Revol\u016bcija S\u0101kas \u0160eit! \u2702\ufe0f\ud83c\udf1f\" \/>\n<meta property=\"og:url\" content=\"https:\/\/bebarber.lv\/index.php\/mans-konts\/\" \/>\n<meta property=\"og:site_name\" content=\"BeBarber.lv - Tava Stila Revol\u016bcija S\u0101kas \u0160eit! \u2702\ufe0f\ud83c\udf1f\" \/>\n<meta name=\"twitter:card\" content=\"summary_large_image\" \/>\n<script type=\"application\/ld+json\" class=\"yoast-schema-graph\">{\"@context\":\"https:\/\/schema.org\",\"@graph\":[{\"@type\":\"WebPage\",\"@id\":\"https:\/\/bebarber.lv\/index.php\/mans-konts\/\",\"url\":\"https:\/\/bebarber.lv\/index.php\/mans-konts\/\",\"name\":\"Mans konts - BeBarber.lv - Tava Stila Revol\u016bcija S\u0101kas \u0160eit! \u2702\ufe0f\ud83c\udf1f\",\"isPartOf\":{\"@id\":\"https:\/\/bebarber.lv\/#website\"},\"datePublished\":\"2024-02-27T22:55:38+00:00\",\"breadcrumb\":{\"@id\":\"https:\/\/bebarber.lv\/index.php\/mans-konts\/#breadcrumb\"},\"inLanguage\":\"lv-LV\",\"potentialAction\":[{\"@type\":\"ReadAction\",\"target\":[\"https:\/\/bebarber.lv\/index.php\/mans-konts\/\"]}]},{\"@type\":\"BreadcrumbList\",\"@id\":\"https:\/\/bebarber.lv\/index.php\/mans-konts\/#breadcrumb\",\"itemListElement\":[{\"@type\":\"ListItem\",\"position\":1,\"name\":\"Home\",\"item\":\"https:\/\/bebarber.lv\/\"},{\"@type\":\"ListItem\",\"position\":2,\"name\":\"Mans konts\"}]},{\"@type\":\"WebSite\",\"@id\":\"https:\/\/bebarber.lv\/#website\",\"url\":\"https:\/\/bebarber.lv\/\",\"name\":\"BeBarber.lv - Tava Stila Revol\u016bcija S\u0101kas \u0160eit! \u2702\ufe0f\ud83c\udf1f\",\"description\":\"\",\"potentialAction\":[{\"@type\":\"SearchAction\",\"target\":{\"@type\":\"EntryPoint\",\"urlTemplate\":\"https:\/\/bebarber.lv\/?s={search_term_string}\"},\"query-input\":{\"@type\":\"PropertyValueSpecification\",\"valueRequired\":true,\"valueName\":\"search_term_string\"}}],\"inLanguage\":\"lv-LV\"}]}<\/script>\n<!-- \/ Yoast SEO plugin. -->","yoast_head_json":{"title":"Mans konts - BeBarber.lv - Tava Stila Revol\u016bcija S\u0101kas \u0160eit! \u2702\ufe0f\ud83c\udf1f","robots":{"index":"index","follow":"follow","max-snippet":"max-snippet:-1","max-image-preview":"max-image-preview:large","max-video-preview":"max-video-preview:-1"},"canonical":"https:\/\/bebarber.lv\/index.php\/mans-konts\/","og_locale":"lv_LV","og_type":"article","og_title":"Mans konts - BeBarber.lv - Tava Stila Revol\u016bcija S\u0101kas \u0160eit! \u2702\ufe0f\ud83c\udf1f","og_url":"https:\/\/bebarber.lv\/index.php\/mans-konts\/","og_site_name":"BeBarber.lv - Tava Stila Revol\u016bcija S\u0101kas \u0160eit! \u2702\ufe0f\ud83c\udf1f","twitter_card":"summary_large_image","schema":{"@context":"https:\/\/schema.org","@graph":[{"@type":"WebPage","@id":"https:\/\/bebarber.lv\/index.php\/mans-konts\/","url":"https:\/\/bebarber.lv\/index.php\/mans-konts\/","name":"Mans konts - BeBarber.lv - Tava Stila Revol\u016bcija S\u0101kas \u0160eit! \u2702\ufe0f\ud83c\udf1f","isPartOf":{"@id":"https:\/\/bebarber.lv\/#website"},"datePublished":"2024-02-27T22:55:38+00:00","breadcrumb":{"@id":"https:\/\/bebarber.lv\/index.php\/mans-konts\/#breadcrumb"},"inLanguage":"lv-LV","potentialAction":[{"@type":"ReadAction","target":["https:\/\/bebarber.lv\/index.php\/mans-konts\/"]}]},{"@type":"BreadcrumbList","@id":"https:\/\/bebarber.lv\/index.php\/mans-konts\/#breadcrumb","itemListElement":[{"@type":"ListItem","position":1,"name":"Home","item":"https:\/\/bebarber.lv\/"},{"@type":"ListItem","position":2,"name":"Mans konts"}]},{"@type":"WebSite","@id":"https:\/\/bebarber.lv\/#website","url":"https:\/\/bebarber.lv\/","name":"BeBarber.lv - Tava Stila Revol\u016bcija S\u0101kas \u0160eit! \u2702\ufe0f\ud83c\udf1f","description":"","potentialAction":[{"@type":"SearchAction","target":{"@type":"EntryPoint","urlTemplate":"https:\/\/bebarber.lv\/?s={search_term_string}"},"query-input":{"@type":"PropertyValueSpecification","valueRequired":true,"valueName":"search_term_string"}}],"inLanguage":"lv-LV"}]}},"_links":{"self":[{"href":"https:\/\/bebarber.lv\/index.php\/wp-json\/wp\/v2\/pages\/11","targetHints":{"allow":["GET"]}}],"collection":[{"href":"https:\/\/bebarber.lv\/index.php\/wp-json\/wp\/v2\/pages"}],"about":[{"href":"https:\/\/bebarber.lv\/index.php\/wp-json\/wp\/v2\/types\/page"}],"author":[{"embeddable":true,"href":"https:\/\/bebarber.lv\/index.php\/wp-json\/wp\/v2\/users\/1"}],"replies":[{"embeddable":true,"href":"https:\/\/bebarber.lv\/index.php\/wp-json\/wp\/v2\/comments?post=11"}],"version-history":[{"count":0,"href":"https:\/\/bebarber.lv\/index.php\/wp-json\/wp\/v2\/pages\/11\/revisions"}],"wp:attachment":[{"href":"https:\/\/bebarber.lv\/index.php\/wp-json\/wp\/v2\/media?parent=11"}],"curies":[{"name":"wp","href":"https:\/\/api.w.org\/{rel}","templated":true}]}}